{"id":1083,"date":"2019-01-23T06:31:31","date_gmt":"2019-01-23T06:31:31","guid":{"rendered":"http:\/\/www.xn--bens-energiebllchen-swb.at\/?page_id=1083"},"modified":"2023-11-25T18:55:15","modified_gmt":"2023-11-25T17:55:15","slug":"about-us","status":"publish","type":"page","link":"https:\/\/www.xn--bens-energiebllchen-swb.at\/?page_id=1083","title":{"rendered":"About Us"},"content":{"rendered":"\t\t<div data-elementor-type=\"wp-post\" data-elementor-id=\"1083\" class=\"elementor elementor-1083\">\n\t\t\t\t\t\t<section class=\"elementor-section elementor-top-section elementor-element elementor-element-6ccdc95 elementor-section-content-middle elementor-section-boxed elementor-section-height-default elementor-section-height-default\" data-id=\"6ccdc95\" data-element_type=\"section\" data-settings=\"{&quot;background_background&quot;:&quot;classic&quot;}\">\n\t\t\t\t\t\t\t<div class=\"elementor-background-overlay\"><\/div>\n\t\t\t\t\t\t\t<div class=\"elementor-container elementor-column-gap-no\">\n\t\t\t\t\t<div class=\"elementor-column elementor-col-100 elementor-top-column elementor-element elementor-element-4f6adc0\" data-id=\"4f6adc0\" data-element_type=\"column\">\n\t\t\t<div class=\"elementor-widget-wrap elementor-element-populated\">\n\t\t\t\t\t\t<div class=\"elementor-element elementor-element-179c706 elementor-widget elementor-widget-heading\" data-id=\"179c706\" data-element_type=\"widget\" data-widget_type=\"heading.default\">\n\t\t\t\t<div class=\"elementor-widget-container\">\n\t\t\t\t\t<h1 class=\"elementor-heading-title elementor-size-default\">\u00dcber Uns<\/h1>\t\t\t\t<\/div>\n\t\t\t\t<\/div>\n\t\t\t\t\t<\/div>\n\t\t<\/div>\n\t\t\t\t\t<\/div>\n\t\t<\/section>\n\t\t\t\t<section class=\"elementor-section elementor-top-section elementor-element elementor-element-a400379 elementor-section-content-middle elementor-section-boxed elementor-section-height-default elementor-section-height-default\" data-id=\"a400379\" data-element_type=\"section\" data-settings=\"{&quot;background_background&quot;:&quot;classic&quot;}\">\n\t\t\t\t\t\t<div class=\"elementor-container elementor-column-gap-no\">\n\t\t\t\t\t<div class=\"elementor-column elementor-col-100 elementor-top-column elementor-element elementor-element-c9222c3\" data-id=\"c9222c3\" data-element_type=\"column\">\n\t\t\t<div class=\"elementor-widget-wrap elementor-element-populated\">\n\t\t\t\t\t\t<div class=\"elementor-element elementor-element-7e489a2 elementor-widget elementor-widget-heading\" data-id=\"7e489a2\" data-element_type=\"widget\" data-widget_type=\"heading.default\">\n\t\t\t\t<div class=\"elementor-widget-container\">\n\t\t\t\t\t<h2 class=\"elementor-heading-title elementor-size-default\">Die Geschichte<\/h2>\t\t\t\t<\/div>\n\t\t\t\t<\/div>\n\t\t\t\t<div class=\"elementor-element elementor-element-d95e11a elementor-widget elementor-widget-text-editor\" data-id=\"d95e11a\" data-element_type=\"widget\" data-widget_type=\"text-editor.default\">\n\t\t\t\t<div class=\"elementor-widget-container\">\n\t\t\t\t\t\t\t\t\t<p><strong>Ben\u2019s Energieb\u00e4llchen &#8211; gesund Naschen !<\/strong><br \/>Ben\u2019s Energieb\u00e4llchen wurden urspr\u00fcnglich f\u00fcr meinen kleinen Sohn Ben entwickelt, der wie jedes Kind S\u00fc\u00dfigkeiten liebt und an manchen Tagen mehr Energie ben\u00f6tigt. Herk\u00f6mmliche Schokolade ist f\u00fcr mich als &#8220; Ayurveda Mama &#8220; nicht in Frage gekommen. So kreierte ich eine S\u00fc\u00dfigkeit der er nicht widerstehen konnte. Mittlerweile isst unsere gesamte Familie Ben`s Energieb\u00e4llchen !<br \/><br \/>Ben\u2019s Energieb\u00e4llchen sind vielseitig einsetzbar ! Als schnelles s\u00fc\u00dfes Fr\u00fchst\u00fcck f\u00fcr einen guten Start ! Als Energiekick zwischendurch ! Als Snack in der Schuljause, f\u00fcr Events, Hochzeiten oder als nettes Geschenk f\u00fcr besondere Anl\u00e4sse.<br \/><br \/>Ich verwende keine k\u00fcnstlichen Zusatzstoffe, alle Zutaten sind zu 100 % biologisch.<br \/><br \/>Derzeit gibt es die B\u00e4llchen in 4 unterschiedlichen Sorten.<br \/>Als Basis verwende ich f\u00fcr die B\u00e4llchenmasse Hafer, nat\u00fcrliche Zuckeralternativen, Trockenfr\u00fcchte &amp; Superfoods.<br \/>Ben\u2019s Energieb\u00e4llchen z\u00e4hlen zu den Frischeprodukten und sind im K\u00fchlschrank 10 &#8211; 14 Tage sehr gut haltbar.<br \/><br \/>Ben\u2019s Energieb\u00e4llchen sind handgerollt und werden mit viel Liebe gemacht !<br \/>Koste doch mal ein Ben`s Energieb\u00e4llchen !<br \/><br \/>Wir beliefern Dich auch gerne f\u00fcr Geburtstagsfeiern, Meetings &amp; gr\u00f6\u00dfere Feste.<\/p>\t\t\t\t\t\t\t\t<\/div>\n\t\t\t\t<\/div>\n\t\t\t\t\t<\/div>\n\t\t<\/div>\n\t\t\t\t\t<\/div>\n\t\t<\/section>\n\t\t\t\t<section class=\"elementor-section elementor-top-section elementor-element elementor-element-6ec1e06 elementor-section-boxed elementor-section-height-default elementor-section-height-default\" data-id=\"6ec1e06\" data-element_type=\"section\">\n\t\t\t\t\t\t<div class=\"elementor-container elementor-column-gap-default\">\n\t\t\t\t\t<div class=\"elementor-column elementor-col-100 elementor-top-column elementor-element elementor-element-e23d401\" data-id=\"e23d401\" data-element_type=\"column\">\n\t\t\t<div class=\"elementor-widget-wrap elementor-element-populated\">\n\t\t\t\t\t\t<div class=\"elementor-element elementor-element-b325487 elementor-widget elementor-widget-heading\" data-id=\"b325487\" data-element_type=\"widget\" data-widget_type=\"heading.default\">\n\t\t\t\t<div class=\"elementor-widget-container\">\n\t\t\t\t\t<h2 class=\"elementor-heading-title elementor-size-default\">Unser Team<br><\/h2>\t\t\t\t<\/div>\n\t\t\t\t<\/div>\n\t\t\t\t<div class=\"elementor-element elementor-element-9e3ec90 elementor-widget elementor-widget-image\" data-id=\"9e3ec90\" data-element_type=\"widget\" data-widget_type=\"image.default\">\n\t\t\t\t<div class=\"elementor-widget-container\">\n\t\t\t\t\t\t\t\t\t\t\t\t<figure class=\"wp-caption\">\n\t\t\t\t\t\t\t\t\t\t<img fetchpriority=\"high\" decoding=\"async\" width=\"768\" height=\"509\" src=\"https:\/\/www.xn--bens-energiebllchen-swb.at\/wp-content\/uploads\/2023\/09\/mama-foto-1-768x509.jpg\" class=\"attachment-medium_large size-medium_large wp-image-1956\" alt=\"\" srcset=\"https:\/\/www.xn--bens-energiebllchen-swb.at\/wp-content\/uploads\/2023\/09\/mama-foto-1-768x509.jpg 768w, https:\/\/www.xn--bens-energiebllchen-swb.at\/wp-content\/uploads\/2023\/09\/mama-foto-1-300x199.jpg 300w, https:\/\/www.xn--bens-energiebllchen-swb.at\/wp-content\/uploads\/2023\/09\/mama-foto-1-1024x678.jpg 1024w, https:\/\/www.xn--bens-energiebllchen-swb.at\/wp-content\/uploads\/2023\/09\/mama-foto-1-1536x1017.jpg 1536w, https:\/\/www.xn--bens-energiebllchen-swb.at\/wp-content\/uploads\/2023\/09\/mama-foto-1-2048x1356.jpg 2048w, https:\/\/www.xn--bens-energiebllchen-swb.at\/wp-content\/uploads\/2023\/09\/mama-foto-1-600x397.jpg 600w\" sizes=\"(max-width: 768px) 100vw, 768px\" \/>\t\t\t\t\t\t\t\t\t\t\t<figcaption class=\"widget-image-caption wp-caption-text\">Manuela Sipos<\/figcaption>\n\t\t\t\t\t\t\t\t\t\t<\/figure>\n\t\t\t\t\t\t\t\t\t<\/div>\n\t\t\t\t<\/div>\n\t\t\t\t<div class=\"elementor-element elementor-element-6610777 elementor-widget elementor-widget-image\" data-id=\"6610777\" data-element_type=\"widget\" data-widget_type=\"image.default\">\n\t\t\t\t<div class=\"elementor-widget-container\">\n\t\t\t\t\t\t\t\t\t\t\t\t<figure class=\"wp-caption\">\n\t\t\t\t\t\t\t\t\t\t<img decoding=\"async\" width=\"225\" height=\"300\" src=\"https:\/\/www.xn--bens-energiebllchen-swb.at\/wp-content\/uploads\/2023\/11\/marco-225x300.jpg\" class=\"attachment-medium size-medium wp-image-2179\" alt=\"\" srcset=\"https:\/\/www.xn--bens-energiebllchen-swb.at\/wp-content\/uploads\/2023\/11\/marco-225x300.jpg 225w, https:\/\/www.xn--bens-energiebllchen-swb.at\/wp-content\/uploads\/2023\/11\/marco-768x1024.jpg 768w, https:\/\/www.xn--bens-energiebllchen-swb.at\/wp-content\/uploads\/2023\/11\/marco-1152x1536.jpg 1152w, https:\/\/www.xn--bens-energiebllchen-swb.at\/wp-content\/uploads\/2023\/11\/marco-1536x2048.jpg 1536w, https:\/\/www.xn--bens-energiebllchen-swb.at\/wp-content\/uploads\/2023\/11\/marco-600x800.jpg 600w, https:\/\/www.xn--bens-energiebllchen-swb.at\/wp-content\/uploads\/2023\/11\/marco-scaled.jpg 1920w\" sizes=\"(max-width: 225px) 100vw, 225px\" \/>\t\t\t\t\t\t\t\t\t\t\t<figcaption class=\"widget-image-caption wp-caption-text\">Marco Sipos<\/figcaption>\n\t\t\t\t\t\t\t\t\t\t<\/figure>\n\t\t\t\t\t\t\t\t\t<\/div>\n\t\t\t\t<\/div>\n\t\t\t\t\t<\/div>\n\t\t<\/div>\n\t\t\t\t\t<\/div>\n\t\t<\/section>\n\t\t\t\t<\/div>\n\t\t","protected":false},"excerpt":{"rendered":"<p>\u00dcber Uns Die Geschichte Ben\u2019s Energieb\u00e4llchen &#8211; gesund Naschen !Ben\u2019s Energieb\u00e4llchen wurden urspr\u00fcnglich f\u00fcr meinen kleinen Sohn Ben entwickelt, der wie jedes Kind S\u00fc\u00dfigkeiten liebt und an manchen Tagen mehr Energie ben\u00f6tigt. Herk\u00f6mmliche Schokolade ist f\u00fcr mich als &#8220; Ayurveda Mama &#8220; nicht in Frage gekommen. So kreierte ich eine S\u00fc\u00dfigkeit der er nicht widerstehen [&hellip;]<\/p>\n","protected":false},"author":1,"featured_media":0,"parent":0,"menu_order":0,"comment_status":"closed","ping_status":"closed","template":"","meta":{"site-sidebar-layout":"no-sidebar","site-content-layout":"page-builder","ast-site-content-layout":"default","site-content-style":"default","site-sidebar-style":"default","ast-global-header-display":"","ast-banner-title-visibility":"","ast-main-header-display":"","ast-hfb-above-header-display":"","ast-hfb-below-header-display":"","ast-hfb-mobile-header-display":"","site-post-title":"disabled","ast-breadcrumbs-content":"","ast-featured-img":"disabled","footer-sml-layout":"","ast-disable-related-posts":"","theme-transparent-header-meta":"enabled","adv-header-id-meta":"","stick-header-meta":"","header-above-stick-meta":"","header-main-stick-meta":"","header-below-stick-meta":"","astra-migrate-meta-layouts":"default","ast-page-background-enabled":"default","ast-page-background-meta":{"desktop":{"background-color":"","background-image":"","background-repeat":"repeat","background-position":"center center","background-size":"auto","background-attachment":"scroll","background-type":"","background-media":"","overlay-type":"","overlay-color":"","overlay-opacity":"","overlay-gradient":""},"tablet":{"background-color":"","background-image":"","background-repeat":"repeat","background-position":"center center","background-size":"auto","background-attachment":"scroll","background-type":"","background-media":"","overlay-type":"","overlay-color":"","overlay-opacity":"","overlay-gradient":""},"mobile":{"background-color":"","background-image":"","background-repeat":"repeat","background-position":"center center","background-size":"auto","background-attachment":"scroll","background-type":"","background-media":"","overlay-type":"","overlay-color":"","overlay-opacity":"","overlay-gradient":""}},"ast-content-background-meta":{"desktop":{"background-color":"var(--ast-global-color-5)","background-image":"","background-repeat":"repeat","background-position":"center center","background-size":"auto","background-attachment":"scroll","background-type":"","background-media":"","overlay-type":"","overlay-color":"","overlay-opacity":"","overlay-gradient":""},"tablet":{"background-color":"var(--ast-global-color-5)","background-image":"","background-repeat":"repeat","background-position":"center center","background-size":"auto","background-attachment":"scroll","background-type":"","background-media":"","overlay-type":"","overlay-color":"","overlay-opacity":"","overlay-gradient":""},"mobile":{"background-color":"var(--ast-global-color-5)","background-image":"","background-repeat":"repeat","background-position":"center center","background-size":"auto","background-attachment":"scroll","background-type":"","background-media":"","overlay-type":"","overlay-color":"","overlay-opacity":"","overlay-gradient":""}},"footnotes":""},"class_list":["post-1083","page","type-page","status-publish","hentry"],"_links":{"self":[{"href":"https:\/\/www.xn--bens-energiebllchen-swb.at\/index.php?rest_route=\/wp\/v2\/pages\/1083","targetHints":{"allow":["GET"]}}],"collection":[{"href":"https:\/\/www.xn--bens-energiebllchen-swb.at\/index.php?rest_route=\/wp\/v2\/pages"}],"about":[{"href":"https:\/\/www.xn--bens-energiebllchen-swb.at\/index.php?rest_route=\/wp\/v2\/types\/page"}],"author":[{"embeddable":true,"href":"https:\/\/www.xn--bens-energiebllchen-swb.at\/index.php?rest_route=\/wp\/v2\/users\/1"}],"replies":[{"embeddable":true,"href":"https:\/\/www.xn--bens-energiebllchen-swb.at\/index.php?rest_route=%2Fwp%2Fv2%2Fcomments&post=1083"}],"version-history":[{"count":31,"href":"https:\/\/www.xn--bens-energiebllchen-swb.at\/index.php?rest_route=\/wp\/v2\/pages\/1083\/revisions"}],"predecessor-version":[{"id":2182,"href":"https:\/\/www.xn--bens-energiebllchen-swb.at\/index.php?rest_route=\/wp\/v2\/pages\/1083\/revisions\/2182"}],"wp:attachment":[{"href":"https:\/\/www.xn--bens-energiebllchen-swb.at\/index.php?rest_route=%2Fwp%2Fv2%2Fmedia&parent=1083"}],"curies":[{"name":"wp","href":"https:\/\/api.w.org\/{rel}","templated":true}]}}